{"id":211810,"date":"2022-11-28T14:03:49","date_gmt":"2022-11-28T20:03:49","guid":{"rendered":"https:\/\/thermon.com\/our-solutions\/"},"modified":"2024-12-05T09:31:09","modified_gmt":"2024-12-05T15:31:09","slug":"our-solutions","status":"publish","type":"page","link":"https:\/\/thermon.com\/tr\/our-solutions\/","title":{"rendered":"\u00c7\u00f6z\u00fcmlerimiz"},"content":{"rendered":"","protected":false},"excerpt":{"rendered":"","protected":false},"author":1,"featured_media":136610,"parent":0,"menu_order":0,"comment_status":"closed","ping_status":"closed","template":"page-our-solutions.php","meta":{"_acf_changed":false,"om_disable_all_campaigns":false,"footnotes":""},"categories":[],"tags":[],"class_list":["post-211810","page","type-page","status-publish","has-post-thumbnail","hentry"],"acf":[],"yoast_head":"<!-- This site is optimized with the Yoast SEO plugin v26.9 - https:\/\/yoast.com\/product\/yoast-seo-wordpress\/ -->\n<title>Heating Solutions | Thermon - Leader in Process Heating<\/title>\n<meta name=\"description\" content=\"Thermon&#039;s comprehensive industrial heating systems and solutions, including temperature maintenance, freeze protection, and environmental monitoring.\" \/>\n<meta name=\"robots\" content=\"index, follow, max-snippet:-1, max-image-preview:large, max-video-preview:-1\" \/>\n<link rel=\"canonical\" href=\"https:\/\/thermon.com\/tr\/our-solutions\/\" \/>\n<meta property=\"og:locale\" content=\"tr_TR\" \/>\n<meta property=\"og:type\" content=\"article\" \/>\n<meta property=\"og:title\" content=\"Heating Solutions | Thermon - Leader in Process Heating\" \/>\n<meta property=\"og:description\" content=\"Thermon&#039;s comprehensive industrial heating systems and solutions, including temperature maintenance, freeze protection, and environmental monitoring.\" \/>\n<meta property=\"og:url\" content=\"https:\/\/thermon.com\/tr\/our-solutions\/\" \/>\n<meta property=\"og:site_name\" content=\"Thermon | Industrial Heating Solutions\" \/>\n<meta property=\"article:publisher\" content=\"https:\/\/www.facebook.com\/ThermonINC\/\" \/>\n<meta property=\"article:modified_time\" content=\"2024-12-05T15:31:09+00:00\" \/>\n<meta property=\"og:image\" content=\"https:\/\/thermon.com\/wp-content\/uploads\/2023\/11\/iStock-1149493637-scaled-1.jpg\" \/>\n\t<meta property=\"og:image:width\" content=\"2560\" \/>\n\t<meta property=\"og:image:height\" content=\"1707\" \/>\n\t<meta property=\"og:image:type\" content=\"image\/jpeg\" \/>\n<meta name=\"twitter:card\" content=\"summary_large_image\" \/>\n<meta name=\"twitter:site\" content=\"@thermoninc\" \/>\n<meta name=\"twitter:label1\" content=\"Tahmini okuma s\u00fcresi\" \/>\n\t<meta name=\"twitter:data1\" content=\"6 dakika\" \/>\n<script type=\"application\/ld+json\" class=\"yoast-schema-graph\">{\"@context\":\"https:\/\/schema.org\",\"@graph\":[{\"@type\":\"WebPage\",\"@id\":\"https:\/\/thermon.com\/tr\/our-solutions\/\",\"url\":\"https:\/\/thermon.com\/tr\/our-solutions\/\",\"name\":\"Heating Solutions | Thermon - Leader in Process Heating\",\"isPartOf\":{\"@id\":\"https:\/\/thermon.com\/tr\/#website\"},\"primaryImageOfPage\":{\"@id\":\"https:\/\/thermon.com\/tr\/our-solutions\/#primaryimage\"},\"image\":{\"@id\":\"https:\/\/thermon.com\/tr\/our-solutions\/#primaryimage\"},\"thumbnailUrl\":\"https:\/\/thermon.com\/wp-content\/uploads\/2023\/11\/iStock-1149493637-scaled-1.jpg\",\"datePublished\":\"2022-11-28T20:03:49+00:00\",\"dateModified\":\"2024-12-05T15:31:09+00:00\",\"description\":\"Thermon's comprehensive industrial heating systems and solutions, including temperature maintenance, freeze protection, and environmental monitoring.\",\"breadcrumb\":{\"@id\":\"https:\/\/thermon.com\/tr\/our-solutions\/#breadcrumb\"},\"inLanguage\":\"tr\",\"potentialAction\":[{\"@type\":\"ReadAction\",\"target\":[\"https:\/\/thermon.com\/tr\/our-solutions\/\"]}]},{\"@type\":\"ImageObject\",\"inLanguage\":\"tr\",\"@id\":\"https:\/\/thermon.com\/tr\/our-solutions\/#primaryimage\",\"url\":\"https:\/\/thermon.com\/wp-content\/uploads\/2023\/11\/iStock-1149493637-scaled-1.jpg\",\"contentUrl\":\"https:\/\/thermon.com\/wp-content\/uploads\/2023\/11\/iStock-1149493637-scaled-1.jpg\",\"width\":2560,\"height\":1707},{\"@type\":\"BreadcrumbList\",\"@id\":\"https:\/\/thermon.com\/tr\/our-solutions\/#breadcrumb\",\"itemListElement\":[{\"@type\":\"ListItem\",\"position\":1,\"name\":\"Home\",\"item\":\"https:\/\/thermon.com\/tr\/home-2\/\"},{\"@type\":\"ListItem\",\"position\":2,\"name\":\"\u00c7\u00f6z\u00fcmlerimiz\"}]},{\"@type\":\"WebSite\",\"@id\":\"https:\/\/thermon.com\/tr\/#website\",\"url\":\"https:\/\/thermon.com\/tr\/\",\"name\":\"Thermon\",\"description\":\"World Leader in Industrial Process Heating\",\"potentialAction\":[{\"@type\":\"SearchAction\",\"target\":{\"@type\":\"EntryPoint\",\"urlTemplate\":\"https:\/\/thermon.com\/tr\/?s={search_term_string}\"},\"query-input\":{\"@type\":\"PropertyValueSpecification\",\"valueRequired\":true,\"valueName\":\"search_term_string\"}}],\"inLanguage\":\"tr\"}]}<\/script>\n<!-- \/ Yoast SEO plugin. -->","yoast_head_json":{"title":"Heating Solutions | Thermon - Leader in Process Heating","description":"Thermon's comprehensive industrial heating systems and solutions, including temperature maintenance, freeze protection, and environmental monitoring.","robots":{"index":"index","follow":"follow","max-snippet":"max-snippet:-1","max-image-preview":"max-image-preview:large","max-video-preview":"max-video-preview:-1"},"canonical":"https:\/\/thermon.com\/tr\/our-solutions\/","og_locale":"tr_TR","og_type":"article","og_title":"Heating Solutions | Thermon - Leader in Process Heating","og_description":"Thermon's comprehensive industrial heating systems and solutions, including temperature maintenance, freeze protection, and environmental monitoring.","og_url":"https:\/\/thermon.com\/tr\/our-solutions\/","og_site_name":"Thermon | Industrial Heating Solutions","article_publisher":"https:\/\/www.facebook.com\/ThermonINC\/","article_modified_time":"2024-12-05T15:31:09+00:00","og_image":[{"width":2560,"height":1707,"url":"https:\/\/thermon.com\/wp-content\/uploads\/2023\/11\/iStock-1149493637-scaled-1.jpg","type":"image\/jpeg"}],"twitter_card":"summary_large_image","twitter_site":"@thermoninc","twitter_misc":{"Tahmini okuma s\u00fcresi":"6 dakika"},"schema":{"@context":"https:\/\/schema.org","@graph":[{"@type":"WebPage","@id":"https:\/\/thermon.com\/tr\/our-solutions\/","url":"https:\/\/thermon.com\/tr\/our-solutions\/","name":"Heating Solutions | Thermon - Leader in Process Heating","isPartOf":{"@id":"https:\/\/thermon.com\/tr\/#website"},"primaryImageOfPage":{"@id":"https:\/\/thermon.com\/tr\/our-solutions\/#primaryimage"},"image":{"@id":"https:\/\/thermon.com\/tr\/our-solutions\/#primaryimage"},"thumbnailUrl":"https:\/\/thermon.com\/wp-content\/uploads\/2023\/11\/iStock-1149493637-scaled-1.jpg","datePublished":"2022-11-28T20:03:49+00:00","dateModified":"2024-12-05T15:31:09+00:00","description":"Thermon's comprehensive industrial heating systems and solutions, including temperature maintenance, freeze protection, and environmental monitoring.","breadcrumb":{"@id":"https:\/\/thermon.com\/tr\/our-solutions\/#breadcrumb"},"inLanguage":"tr","potentialAction":[{"@type":"ReadAction","target":["https:\/\/thermon.com\/tr\/our-solutions\/"]}]},{"@type":"ImageObject","inLanguage":"tr","@id":"https:\/\/thermon.com\/tr\/our-solutions\/#primaryimage","url":"https:\/\/thermon.com\/wp-content\/uploads\/2023\/11\/iStock-1149493637-scaled-1.jpg","contentUrl":"https:\/\/thermon.com\/wp-content\/uploads\/2023\/11\/iStock-1149493637-scaled-1.jpg","width":2560,"height":1707},{"@type":"BreadcrumbList","@id":"https:\/\/thermon.com\/tr\/our-solutions\/#breadcrumb","itemListElement":[{"@type":"ListItem","position":1,"name":"Home","item":"https:\/\/thermon.com\/tr\/home-2\/"},{"@type":"ListItem","position":2,"name":"\u00c7\u00f6z\u00fcmlerimiz"}]},{"@type":"WebSite","@id":"https:\/\/thermon.com\/tr\/#website","url":"https:\/\/thermon.com\/tr\/","name":"Thermon","description":"World Leader in Industrial Process Heating","potentialAction":[{"@type":"SearchAction","target":{"@type":"EntryPoint","urlTemplate":"https:\/\/thermon.com\/tr\/?s={search_term_string}"},"query-input":{"@type":"PropertyValueSpecification","valueRequired":true,"valueName":"search_term_string"}}],"inLanguage":"tr"}]}},"_links":{"self":[{"href":"https:\/\/thermon.com\/tr\/wp-json\/wp\/v2\/pages\/211810","targetHints":{"allow":["GET"]}}],"collection":[{"href":"https:\/\/thermon.com\/tr\/wp-json\/wp\/v2\/pages"}],"about":[{"href":"https:\/\/thermon.com\/tr\/wp-json\/wp\/v2\/types\/page"}],"author":[{"embeddable":true,"href":"https:\/\/thermon.com\/tr\/wp-json\/wp\/v2\/users\/1"}],"replies":[{"embeddable":true,"href":"https:\/\/thermon.com\/tr\/wp-json\/wp\/v2\/comments?post=211810"}],"version-history":[{"count":0,"href":"https:\/\/thermon.com\/tr\/wp-json\/wp\/v2\/pages\/211810\/revisions"}],"wp:featuredmedia":[{"embeddable":true,"href":"https:\/\/thermon.com\/tr\/wp-json\/wp\/v2\/media\/136610"}],"wp:attachment":[{"href":"https:\/\/thermon.com\/tr\/wp-json\/wp\/v2\/media?parent=211810"}],"wp:term":[{"taxonomy":"category","embeddable":true,"href":"https:\/\/thermon.com\/tr\/wp-json\/wp\/v2\/categories?post=211810"},{"taxonomy":"post_tag","embeddable":true,"href":"https:\/\/thermon.com\/tr\/wp-json\/wp\/v2\/tags?post=211810"}],"curies":[{"name":"wp","href":"https:\/\/api.w.org\/{rel}","templated":true}]}}